{"id":20,"date":"2023-09-26T14:12:22","date_gmt":"2023-09-26T14:12:22","guid":{"rendered":"http:\/\/fabiofelicidade.com\/?page_id=20"},"modified":"2023-09-26T15:34:10","modified_gmt":"2023-09-26T15:34:10","slug":"home","status":"publish","type":"page","link":"https:\/\/fabiofelicidade.com\/","title":{"rendered":"Home"},"content":{"rendered":"<section class=\"wpb-content-wrapper\"><p>[vc_row full_width=&#8221;stretch_row&#8221; content_placement=&#8221;top&#8221;][vc_column][vc_single_image image=&#8221;62&#8243; img_size=&#8221;&#8221; alignment=&#8221;center&#8221; css_animation=&#8221;fadeIn&#8221; el_class=&#8221;invisible image-taxi&#8221;]<div id=\"ultimate-heading-444069dd9ca222c86\" class=\"uvc-heading ult-adjust-bottom-margin ultimate-heading-444069dd9ca222c86 uvc-9636 \" data-hspacer=\"no_spacer\"  data-halign=\"center\" style=\"text-align:center\"><div class=\"uvc-heading-spacer no_spacer\" style=\"top\"><\/div><div class=\"uvc-main-heading ult-responsive\"  data-ultimate-target='.uvc-heading.ultimate-heading-444069dd9ca222c86 h2'  data-responsive-json-new='{\"font-size\":\"\",\"line-height\":\"\"}' ><h2 style=\"font-weight:bold;color:#00c3aa;\">Servi\u00e7os de Auto T\u00e1xi (24h)<\/h2><\/div><\/div>[vc_column_text css=&#8221;.vc_custom_1695741356393{margin-top: 25px !important;}&#8221;]Seja residente no Algarve ou esteja de passagem por terras algarvias, contacte a T\u00e1xis Coelho e Sim\u00e3o para uma viagem confort\u00e1vel e em seguran\u00e7a.[\/vc_column_text][vc_row_inner][vc_column_inner el_class=&#8221;contact-box&#8221; width=&#8221;1\/2&#8243;]<div id=\"ultimate-heading-812769dd9ca222cad\" class=\"uvc-heading ult-adjust-bottom-margin ultimate-heading-812769dd9ca222cad uvc-1024 \" data-hspacer=\"no_spacer\"  data-halign=\"center\" style=\"text-align:center\"><div class=\"uvc-heading-spacer no_spacer\" style=\"top\"><\/div><div class=\"uvc-main-heading ult-responsive\"  data-ultimate-target='.uvc-heading.ultimate-heading-812769dd9ca222cad h3'  data-responsive-json-new='{\"font-size\":\"\",\"line-height\":\"\"}' ><h3 style=\"font-weight:normal;\">Contacto (Carla)<\/h3><\/div><\/div>[vc_btn title=&#8221;915 805 846&#8243; style=&#8221;classic&#8221; color=&#8221;white&#8221; align=&#8221;center&#8221; i_icon_fontawesome=&#8221;fas fa-phone-volume&#8221; add_icon=&#8221;true&#8221; link=&#8221;url:tel%3A915805846|title:915%20805%20846|target:_blank&#8221; css=&#8221;.vc_custom_1695742356642{margin-top: 25px !important;}&#8221; el_class=&#8221;btn-taxi&#8221;][\/vc_column_inner][vc_column_inner el_class=&#8221;contact-box&#8221; width=&#8221;1\/2&#8243;]<div id=\"ultimate-heading-461269dd9ca222ccb\" class=\"uvc-heading ult-adjust-bottom-margin ultimate-heading-461269dd9ca222ccb uvc-3179 \" data-hspacer=\"no_spacer\"  data-halign=\"center\" style=\"text-align:center\"><div class=\"uvc-heading-spacer no_spacer\" style=\"top\"><\/div><div class=\"uvc-main-heading ult-responsive\"  data-ultimate-target='.uvc-heading.ultimate-heading-461269dd9ca222ccb h3'  data-responsive-json-new='{\"font-size\":\"\",\"line-height\":\"\"}' ><h3 style=\"font-weight:normal;\">Contacto (S\u00edlvio)<\/h3><\/div><\/div>[vc_btn title=&#8221;967 437 618&#8243; style=&#8221;classic&#8221; color=&#8221;white&#8221; align=&#8221;center&#8221; i_icon_fontawesome=&#8221;fas fa-phone-volume&#8221; add_icon=&#8221;true&#8221; link=&#8221;url:tel%3A967437618|title:967%20437%20618|target:_blank&#8221; css=&#8221;.vc_custom_1695742369616{margin-top: 25px !important;}&#8221; el_class=&#8221;btn-taxi&#8221;][\/vc_column_inner][\/vc_row_inner][vc_column_text css=&#8221;.vc_custom_1695742449062{margin-top: 50px !important;}&#8221;]<\/p>\n<p style=\"text-align: center;\">Ficamos a aguardar pelo seu Contacto!<\/p>\n<p>[\/vc_column_text][\/vc_column][\/vc_row]<\/p>\n<\/section>","protected":false},"excerpt":{"rendered":"<p>[vc_row full_width=&#8221;stretch_row&#8221; content_placement=&#8221;top&#8221;][vc_column][vc_single_image image=&#8221;62&#8243; img_size=&#8221;&#8221; alignment=&#8221;center&#8221; css_animation=&#8221;fadeIn&#8221; el_class=&#8221;invisible image-taxi&#8221;][vc_column_text css=&#8221;.vc_custom_1695741356393{margin-top: 25px !important;}&#8221;]Seja residente no Algarve ou esteja de passagem por terras algarvias, contacte a T\u00e1xis Coelho e Sim\u00e3o para uma viagem confort\u00e1vel e em seguran\u00e7a.[\/vc_column_text][vc_row_inner][vc_column_inner el_class=&#8221;contact-box&#8221; width=&#8221;1\/2&#8243;][vc_btn title=&#8221;915 805 846&#8243; style=&#8221;classic&#8221; color=&#8221;white&#8221; align=&#8221;center&#8221; i_icon_fontawesome=&#8221;fas fa-phone-volume&#8221; add_icon=&#8221;true&#8221; link=&#8221;url:tel%3A915805846|title:915%20805%20846|target:_blank&#8221; css=&#8221;.vc_custom_1695742356642{margin-top: 25px !important;}&#8221; el_class=&#8221;btn-taxi&#8221;][\/vc_column_inner][vc_column_inner el_class=&#8221;contact-box&#8221; width=&#8221;1\/2&#8243;][vc_btn title=&#8221;967 437&hellip; <a class=\"more-link\" href=\"https:\/\/fabiofelicidade.com\/\">Continue reading <span class=\"screen-reader-text\">Home<\/span><\/a><\/p>\n","protected":false},"author":1,"featured_media":0,"parent":0,"menu_order":0,"comment_status":"closed","ping_status":"closed","template":"","meta":{"footnotes":""},"_links":{"self":[{"href":"https:\/\/fabiofelicidade.com\/index.php?rest_route=\/wp\/v2\/pages\/20"}],"collection":[{"href":"https:\/\/fabiofelicidade.com\/index.php?rest_route=\/wp\/v2\/pages"}],"about":[{"href":"https:\/\/fabiofelicidade.com\/index.php?rest_route=\/wp\/v2\/types\/page"}],"author":[{"embeddable":true,"href":"https:\/\/fabiofelicidade.com\/index.php?rest_route=\/wp\/v2\/users\/1"}],"replies":[{"embeddable":true,"href":"https:\/\/fabiofelicidade.com\/index.php?rest_route=%2Fwp%2Fv2%2Fcomments&post=20"}],"version-history":[{"count":33,"href":"https:\/\/fabiofelicidade.com\/index.php?rest_route=\/wp\/v2\/pages\/20\/revisions"}],"predecessor-version":[{"id":116,"href":"https:\/\/fabiofelicidade.com\/index.php?rest_route=\/wp\/v2\/pages\/20\/revisions\/116"}],"wp:attachment":[{"href":"https:\/\/fabiofelicidade.com\/index.php?rest_route=%2Fwp%2Fv2%2Fmedia&parent=20"}],"curies":[{"name":"wp","href":"https:\/\/api.w.org\/{rel}","templated":true}]}}